{"id":20,"date":"2019-06-11T09:54:48","date_gmt":"2019-06-11T09:54:48","guid":{"rendered":"https:\/\/themes.getmotopress.com\/luviana\/?page_id=20"},"modified":"2025-06-09T12:57:15","modified_gmt":"2025-06-09T10:57:15","slug":"fira","status":"publish","type":"page","link":"https:\/\/gite-nid-de-caroline.fr\/?page_id=20","title":{"rendered":"R\u00e9server notre maison"},"content":{"rendered":"\n<p><strong>Vous pouvez louer toute notre maison, que vous soyez seul ou jusqu\u2019\u00e0 6 personnes, vous profiterez de l\u2019ensemble de la demeure.<\/strong><\/p>\n\n\n\n<!--more-->\n\n\n\n<div style=\"height:50px\" aria-hidden=\"true\" class=\"wp-block-spacer\"><\/div>\n\n\n<div class=\"mphb_sc_rooms-wrapper mphb-room-types is-style-style-2 alignwide\">\t<div class=\"mphb-room-types-wrapper\">\r\n\t\r\n<div class=\"mphb-room-type post-86 mphb_room_type type-mphb_room_type status-publish has-post-thumbnail mphb_room_type_category-maison-entiere mphb_room_type_facility-animaux-acceptes mphb_room_type_facility-barbecue mphb_room_type_facility-cheminee mphb_room_type_facility-climatisation mphb_room_type_facility-parking mphb_room_type_facility-cuisine-equipee mphb_room_type_facility-salle-de-bain mphb_room_type_facility-wi-fi mphb-room-type-adults-6 mphb-room-type-children-5 \">\r\n\r\n                <div class=\"room-images-wrapper\">\r\n            \n\n\t<div class=\"mphb-room-type-images\">\n\t<div id='mphb-flexslider-gallery-1' class='gallery-columns-1 gallery-size-luviana-square mphb-gallery-main-slider mphb-flexslider-gallery-wrapper mphb-room-type-gallery-wrapper mphb-gallery-main-slider-69d51a8511f33' data-flexslider-atts='{\"animation\":\"slide\",\"controlNav\":false,\"animationLoop\":true,\"smoothHeight\":true,\"slideshow\":false}' data-group='69d51a8511f33'><ul class=\"slides\"><li class='gallery-item'><span class='gallery-icon landscape'>\n\t\t\t\t<a href=\"https:\/\/gite-nid-de-caroline.fr\/?mphb_room_type=standard-single-room\"><img loading=\"lazy\" decoding=\"async\" width=\"992\" height=\"800\" src=\"https:\/\/gite-nid-de-caroline.fr\/wp-content\/uploads\/2025\/06\/0fae1f77-1-992x800.jpg\" class=\"attachment-luviana-square size-luviana-square\" alt=\"\" \/><\/a>\n\t\t\t<\/span><\/li><li class='gallery-item'><span class='gallery-icon landscape'>\n\t\t\t\t<a href=\"https:\/\/gite-nid-de-caroline.fr\/?mphb_room_type=standard-single-room\"><img loading=\"lazy\" decoding=\"async\" width=\"992\" height=\"800\" src=\"https:\/\/gite-nid-de-caroline.fr\/wp-content\/uploads\/2025\/06\/236f5ea1-1-992x800.jpg\" class=\"attachment-luviana-square size-luviana-square\" alt=\"\" \/><\/a>\n\t\t\t<\/span><\/li><li class='gallery-item'><span class='gallery-icon portrait'>\n\t\t\t\t<a href=\"https:\/\/gite-nid-de-caroline.fr\/?mphb_room_type=standard-single-room\"><img loading=\"lazy\" decoding=\"async\" width=\"576\" height=\"768\" src=\"https:\/\/gite-nid-de-caroline.fr\/wp-content\/uploads\/2025\/06\/273200098-1.jpg\" class=\"attachment-luviana-square size-luviana-square\" alt=\"\" srcset=\"https:\/\/gite-nid-de-caroline.fr\/wp-content\/uploads\/2025\/06\/273200098-1.jpg 576w, https:\/\/gite-nid-de-caroline.fr\/wp-content\/uploads\/2025\/06\/273200098-1-225x300.jpg 225w\" sizes=\"auto, (max-width: 576px) 100vw, 576px\" \/><\/a>\n\t\t\t<\/span><\/li><li class='gallery-item'><span class='gallery-icon portrait'>\n\t\t\t\t<a href=\"https:\/\/gite-nid-de-caroline.fr\/?mphb_room_type=standard-single-room\"><img loading=\"lazy\" decoding=\"async\" width=\"576\" height=\"768\" src=\"https:\/\/gite-nid-de-caroline.fr\/wp-content\/uploads\/2025\/06\/273199528-1.jpg\" class=\"attachment-luviana-square size-luviana-square\" alt=\"\" srcset=\"https:\/\/gite-nid-de-caroline.fr\/wp-content\/uploads\/2025\/06\/273199528-1.jpg 576w, https:\/\/gite-nid-de-caroline.fr\/wp-content\/uploads\/2025\/06\/273199528-1-225x300.jpg 225w\" sizes=\"auto, (max-width: 576px) 100vw, 576px\" \/><\/a>\n\t\t\t<\/span><\/li><li class='gallery-item'><span class='gallery-icon portrait'>\n\t\t\t\t<a href=\"https:\/\/gite-nid-de-caroline.fr\/?mphb_room_type=standard-single-room\"><img loading=\"lazy\" decoding=\"async\" width=\"576\" height=\"768\" src=\"https:\/\/gite-nid-de-caroline.fr\/wp-content\/uploads\/2025\/06\/273199396-1.jpg\" class=\"attachment-luviana-square size-luviana-square\" alt=\"\" srcset=\"https:\/\/gite-nid-de-caroline.fr\/wp-content\/uploads\/2025\/06\/273199396-1.jpg 576w, https:\/\/gite-nid-de-caroline.fr\/wp-content\/uploads\/2025\/06\/273199396-1-225x300.jpg 225w\" sizes=\"auto, (max-width: 576px) 100vw, 576px\" \/><\/a>\n\t\t\t<\/span><\/li><li class='gallery-item'><span class='gallery-icon portrait'>\n\t\t\t\t<a href=\"https:\/\/gite-nid-de-caroline.fr\/?mphb_room_type=standard-single-room\"><img loading=\"lazy\" decoding=\"async\" width=\"576\" height=\"768\" src=\"https:\/\/gite-nid-de-caroline.fr\/wp-content\/uploads\/2025\/06\/273199077-1.jpg\" class=\"attachment-luviana-square size-luviana-square\" alt=\"\" srcset=\"https:\/\/gite-nid-de-caroline.fr\/wp-content\/uploads\/2025\/06\/273199077-1.jpg 576w, https:\/\/gite-nid-de-caroline.fr\/wp-content\/uploads\/2025\/06\/273199077-1-225x300.jpg 225w\" sizes=\"auto, (max-width: 576px) 100vw, 576px\" \/><\/a>\n\t\t\t<\/span><\/li><li class='gallery-item'><span class='gallery-icon portrait'>\n\t\t\t\t<a href=\"https:\/\/gite-nid-de-caroline.fr\/?mphb_room_type=standard-single-room\"><img loading=\"lazy\" decoding=\"async\" width=\"576\" height=\"768\" src=\"https:\/\/gite-nid-de-caroline.fr\/wp-content\/uploads\/2025\/06\/273200427-1.jpg\" class=\"attachment-luviana-square size-luviana-square\" alt=\"\" srcset=\"https:\/\/gite-nid-de-caroline.fr\/wp-content\/uploads\/2025\/06\/273200427-1.jpg 576w, https:\/\/gite-nid-de-caroline.fr\/wp-content\/uploads\/2025\/06\/273200427-1-225x300.jpg 225w\" sizes=\"auto, (max-width: 576px) 100vw, 576px\" \/><\/a>\n\t\t\t<\/span><\/li><li class='gallery-item'><span class='gallery-icon landscape'>\n\t\t\t\t<a href=\"https:\/\/gite-nid-de-caroline.fr\/?mphb_room_type=standard-single-room\"><img loading=\"lazy\" decoding=\"async\" width=\"992\" height=\"683\" src=\"https:\/\/gite-nid-de-caroline.fr\/wp-content\/uploads\/2025\/06\/280208764-992x683.jpg\" class=\"attachment-luviana-square size-luviana-square\" alt=\"\" \/><\/a>\n\t\t\t<\/span><\/li><li class='gallery-item'><span class='gallery-icon portrait'>\n\t\t\t\t<a href=\"https:\/\/gite-nid-de-caroline.fr\/?mphb_room_type=standard-single-room\"><img loading=\"lazy\" decoding=\"async\" width=\"574\" height=\"768\" src=\"https:\/\/gite-nid-de-caroline.fr\/wp-content\/uploads\/2025\/06\/284895850.jpg\" class=\"attachment-luviana-square size-luviana-square\" alt=\"\" srcset=\"https:\/\/gite-nid-de-caroline.fr\/wp-content\/uploads\/2025\/06\/284895850.jpg 574w, https:\/\/gite-nid-de-caroline.fr\/wp-content\/uploads\/2025\/06\/284895850-224x300.jpg 224w\" sizes=\"auto, (max-width: 574px) 100vw, 574px\" \/><\/a>\n\t\t\t<\/span><\/li><li class='gallery-item'><span class='gallery-icon landscape'>\n\t\t\t\t<a href=\"https:\/\/gite-nid-de-caroline.fr\/?mphb_room_type=standard-single-room\"><img loading=\"lazy\" decoding=\"async\" width=\"992\" height=\"461\" src=\"https:\/\/gite-nid-de-caroline.fr\/wp-content\/uploads\/2025\/06\/520276037-992x461.jpg\" class=\"attachment-luviana-square size-luviana-square\" alt=\"\" \/><\/a>\n\t\t\t<\/span><\/li><li class='gallery-item'><span class='gallery-icon landscape'>\n\t\t\t\t<a href=\"https:\/\/gite-nid-de-caroline.fr\/?mphb_room_type=standard-single-room\"><img loading=\"lazy\" decoding=\"async\" width=\"992\" height=\"461\" src=\"https:\/\/gite-nid-de-caroline.fr\/wp-content\/uploads\/2025\/06\/520278212-992x461.jpg\" class=\"attachment-luviana-square size-luviana-square\" alt=\"\" \/><\/a>\n\t\t\t<\/span><\/li><li class='gallery-item'><span class='gallery-icon landscape'>\n\t\t\t\t<a href=\"https:\/\/gite-nid-de-caroline.fr\/?mphb_room_type=standard-single-room\"><img loading=\"lazy\" decoding=\"async\" width=\"992\" height=\"461\" src=\"https:\/\/gite-nid-de-caroline.fr\/wp-content\/uploads\/2025\/06\/520277813-992x461.jpg\" class=\"attachment-luviana-square size-luviana-square\" alt=\"\" \/><\/a>\n\t\t\t<\/span><\/li><li class='gallery-item'><span class='gallery-icon landscape'>\n\t\t\t\t<a href=\"https:\/\/gite-nid-de-caroline.fr\/?mphb_room_type=standard-single-room\"><img loading=\"lazy\" decoding=\"async\" width=\"992\" height=\"461\" src=\"https:\/\/gite-nid-de-caroline.fr\/wp-content\/uploads\/2025\/06\/520277906-992x461.jpg\" class=\"attachment-luviana-square size-luviana-square\" alt=\"\" \/><\/a>\n\t\t\t<\/span><\/li><li class='gallery-item'><span class='gallery-icon landscape'>\n\t\t\t\t<a href=\"https:\/\/gite-nid-de-caroline.fr\/?mphb_room_type=standard-single-room\"><img loading=\"lazy\" decoding=\"async\" width=\"992\" height=\"461\" src=\"https:\/\/gite-nid-de-caroline.fr\/wp-content\/uploads\/2025\/06\/520277973-992x461.jpg\" class=\"attachment-luviana-square size-luviana-square\" alt=\"\" \/><\/a>\n\t\t\t<\/span><\/li><li class='gallery-item'><span class='gallery-icon landscape'>\n\t\t\t\t<a href=\"https:\/\/gite-nid-de-caroline.fr\/?mphb_room_type=standard-single-room\"><img loading=\"lazy\" decoding=\"async\" width=\"992\" height=\"461\" src=\"https:\/\/gite-nid-de-caroline.fr\/wp-content\/uploads\/2025\/06\/520278062-992x461.jpg\" class=\"attachment-luviana-square size-luviana-square\" alt=\"\" \/><\/a>\n\t\t\t<\/span><\/li><li class='gallery-item'><span class='gallery-icon landscape'>\n\t\t\t\t<a href=\"https:\/\/gite-nid-de-caroline.fr\/?mphb_room_type=standard-single-room\"><img loading=\"lazy\" decoding=\"async\" width=\"992\" height=\"461\" src=\"https:\/\/gite-nid-de-caroline.fr\/wp-content\/uploads\/2025\/06\/520277689-992x461.jpg\" class=\"attachment-luviana-square size-luviana-square\" alt=\"\" \/><\/a>\n\t\t\t<\/span><\/li><li class='gallery-item'><span class='gallery-icon landscape'>\n\t\t\t\t<a href=\"https:\/\/gite-nid-de-caroline.fr\/?mphb_room_type=standard-single-room\"><img loading=\"lazy\" decoding=\"async\" width=\"992\" height=\"461\" src=\"https:\/\/gite-nid-de-caroline.fr\/wp-content\/uploads\/2025\/06\/520277586-992x461.jpg\" class=\"attachment-luviana-square size-luviana-square\" alt=\"\" \/><\/a>\n\t\t\t<\/span><\/li><li class='gallery-item'><span class='gallery-icon landscape'>\n\t\t\t\t<a href=\"https:\/\/gite-nid-de-caroline.fr\/?mphb_room_type=standard-single-room\"><img loading=\"lazy\" decoding=\"async\" width=\"992\" height=\"461\" src=\"https:\/\/gite-nid-de-caroline.fr\/wp-content\/uploads\/2025\/06\/520277463-992x461.jpg\" class=\"attachment-luviana-square size-luviana-square\" alt=\"\" \/><\/a>\n\t\t\t<\/span><\/li><li class='gallery-item'><span class='gallery-icon portrait'>\n\t\t\t\t<a href=\"https:\/\/gite-nid-de-caroline.fr\/?mphb_room_type=standard-single-room\"><img loading=\"lazy\" decoding=\"async\" width=\"512\" height=\"768\" src=\"https:\/\/gite-nid-de-caroline.fr\/wp-content\/uploads\/2025\/06\/280227208.jpg\" class=\"attachment-luviana-square size-luviana-square\" alt=\"\" srcset=\"https:\/\/gite-nid-de-caroline.fr\/wp-content\/uploads\/2025\/06\/280227208.jpg 512w, https:\/\/gite-nid-de-caroline.fr\/wp-content\/uploads\/2025\/06\/280227208-200x300.jpg 200w\" sizes=\"auto, (max-width: 512px) 100vw, 512px\" \/><\/a>\n\t\t\t<\/span><\/li><li class='gallery-item'><span class='gallery-icon portrait'>\n\t\t\t\t<a href=\"https:\/\/gite-nid-de-caroline.fr\/?mphb_room_type=standard-single-room\"><img loading=\"lazy\" decoding=\"async\" width=\"512\" height=\"768\" src=\"https:\/\/gite-nid-de-caroline.fr\/wp-content\/uploads\/2025\/06\/280219628.jpg\" class=\"attachment-luviana-square size-luviana-square\" alt=\"\" srcset=\"https:\/\/gite-nid-de-caroline.fr\/wp-content\/uploads\/2025\/06\/280219628.jpg 512w, https:\/\/gite-nid-de-caroline.fr\/wp-content\/uploads\/2025\/06\/280219628-200x300.jpg 200w\" sizes=\"auto, (max-width: 512px) 100vw, 512px\" \/><\/a>\n\t\t\t<\/span><\/li><li class='gallery-item'><span class='gallery-icon portrait'>\n\t\t\t\t<a href=\"https:\/\/gite-nid-de-caroline.fr\/?mphb_room_type=standard-single-room\"><img loading=\"lazy\" decoding=\"async\" width=\"992\" height=\"992\" src=\"https:\/\/gite-nid-de-caroline.fr\/wp-content\/uploads\/2025\/06\/ff5e0174-992x992.webp\" class=\"attachment-luviana-square size-luviana-square\" alt=\"\" srcset=\"https:\/\/gite-nid-de-caroline.fr\/wp-content\/uploads\/2025\/06\/ff5e0174-992x992.webp 992w, https:\/\/gite-nid-de-caroline.fr\/wp-content\/uploads\/2025\/06\/ff5e0174-150x150.webp 150w\" sizes=\"auto, (max-width: 992px) 100vw, 992px\" \/><\/a>\n\t\t\t<\/span><\/li><\/ul>\n\t\t<\/div>\n\n\t<\/div>\n\t        <\/div>\r\n                <div class=\"room-description-wrapper\">\r\n            <div class=\"room-description-inner-wrapper\">\r\n                                    <div class=\"room-details\">\r\n                        \n<h2 class=\"mphb-room-type-title entry-title\">\n\n<a class=\"mphb-room-type-title\" href=\"https:\/\/gite-nid-de-caroline.fr\/?mphb_room_type=standard-single-room\">Notre g\u00eete<\/a>\n\n<\/h2>\n\n<p>Rez-de-chauss\u00e9e, s\u00e9jour avec cuisine ouverte, coin salon avec chemin\u00e9e, une salle de bain et WC au premier \u00e9tage, une chambre avec un lit 160 et une chambre avec un lit 180 au 2\u00e8me \u00e9tage, un dortoir avec 4 lits en 90 convertible en 2 lits en 180, capacit\u00e9 de couchage pour 5 personnes, nombre de chambres 3.<\/p>\n\n\n<h3 class=\"mphb-room-type-details-title\">D\u00e9tails<\/h3><ul class=\"mphb-loop-room-type-attributes\">\n\t<li class=\"mphb-room-type-total-capacity\"><span class=\"mphb-attribute-title mphb-total-capacity-title\">Invit\u00e9s:<\/span><span class=\"mphb-attribute-value\">\n\t6\n\t<\/span><\/li>\t\n\n\n\n\n\t<li class=\"mphb-room-type-view\"><span class=\"mphb-attribute-title mphb-view-title\">Vue :<\/span><span class=\"mphb-attribute-value\">\n\tsur les montagnes, rivi\u00e8re, p\u00eache, v\u00e9lo, ski, randonn\u00e9e&#8230;\n\t<\/span><\/li>\n\t\n\n\n\t<li class=\"mphb-room-type-size\"><span class=\"mphb-attribute-title mphb-size-title\">Taille :<\/span><span class=\"mphb-attribute-value\">\n\t150m\u00b2\n\t<\/span><\/li>\n\t\n\n\t<li class=\"mphb-room-type-bed-type\"><span  class=\"mphb-attribute-title mphb-bed-type-title\">Type de lit :<\/span><span class=\"mphb-attribute-value\">\n\tUn tr\u00e8s grand lit, un grand lit et 4 lits 1 place\n\t<\/span><\/li>\n\t\n\n\t<li class=\"mphb-room-type-categories\"><span class=\"mphb-attribute-title mphb-categories-title\">Cat\u00e9gories :<\/span><span class=\"mphb-attribute-value\"> <span class=\"category-maison-entiere\"><a href=\"https:\/\/gite-nid-de-caroline.fr\/?mphb_room_type_category=maison-entiere\">Maison enti\u00e8re<\/a><\/span><\/span><\/li>\n\t\n\n\t<li class=\"mphb-room-type-facilities\"><span class=\"mphb-attribute-title mphb-facilities-title\">\u00c9quipements :<\/span><span class=\"mphb-attribute-value\"> <span class=\"facility-animaux-acceptes\"><a href=\"https:\/\/gite-nid-de-caroline.fr\/?mphb_room_type_facility=animaux-acceptes\">Animaux de compagnie accept\u00e9s<\/a><\/span>, <span class=\"facility-barbecue\"><a href=\"https:\/\/gite-nid-de-caroline.fr\/?mphb_room_type_facility=barbecue\">Barbecue<\/a><\/span>, <span class=\"facility-cheminee\"><a href=\"https:\/\/gite-nid-de-caroline.fr\/?mphb_room_type_facility=cheminee\">Chemin\u00e9e<\/a><\/span>, <span class=\"facility-climatisation\"><a href=\"https:\/\/gite-nid-de-caroline.fr\/?mphb_room_type_facility=climatisation\">Climatisation<\/a><\/span>, <span class=\"facility-parking\"><a href=\"https:\/\/gite-nid-de-caroline.fr\/?mphb_room_type_facility=parking\">Parking disponible<\/a><\/span>, <span class=\"facility-cuisine-equipee\"><a href=\"https:\/\/gite-nid-de-caroline.fr\/?mphb_room_type_facility=cuisine-equipee\">Une cuisine \u00e9quip\u00e9e<\/a><\/span>, <span class=\"facility-salle-de-bain\"><a href=\"https:\/\/gite-nid-de-caroline.fr\/?mphb_room_type_facility=salle-de-bain\">Une salle de bain<\/a><\/span>, <span class=\"facility-wi-fi\"><a href=\"https:\/\/gite-nid-de-caroline.fr\/?mphb_room_type_facility=wi-fi\">Wi-fi<\/a><\/span><\/span><\/li>\n\t\n<\/ul>                    <\/div>\r\n                                    <div class=\"room-booking-details\">\r\n                        \n\n<div class=\"mphb-to-book-btn-wrapper\">\n<form action=\"https:\/\/gite-nid-de-caroline.fr\/?mphb_room_type=standard-single-room#booking-form-86\" method=\"get\" ><input type=\"hidden\" name=\"mphb_room_type\" value=\"standard-single-room\" \/><button type=\"submit\" class=\"button mphb-book-button\" >R\u00e9server<\/button><\/form>\n<br\/><\/div>\n<p class=\"mphb-view-details-button-wrapper\">\n<a class=\"button mphb-view-details-button\" href=\"https:\/\/gite-nid-de-caroline.fr\/?mphb_room_type=standard-single-room\" >Voir les d\u00e9tails<\/a>\n<\/p>                    <\/div>\r\n                            <\/div>\r\n        <\/div>\r\n    \r\n    \r\n<\/div>\r\n\r\n\t<\/div>\r\n\t<\/div>","protected":false},"excerpt":{"rendered":"<p>Vous aurez la maison enti\u00e8re pour vous et la partagerez uniquement avec les autres personnes de votre voyage.<\/p>\n","protected":false},"author":1,"featured_media":1105,"parent":1028,"menu_order":0,"comment_status":"closed","ping_status":"closed","template":"","meta":{"inline_featured_image":false,"footnotes":""},"class_list":["post-20","page","type-page","status-publish","has-post-thumbnail","hentry"],"_links":{"self":[{"href":"https:\/\/gite-nid-de-caroline.fr\/index.php?rest_route=\/wp\/v2\/pages\/20","targetHints":{"allow":["GET"]}}],"collection":[{"href":"https:\/\/gite-nid-de-caroline.fr\/index.php?rest_route=\/wp\/v2\/pages"}],"about":[{"href":"https:\/\/gite-nid-de-caroline.fr\/index.php?rest_route=\/wp\/v2\/types\/page"}],"author":[{"embeddable":true,"href":"https:\/\/gite-nid-de-caroline.fr\/index.php?rest_route=\/wp\/v2\/users\/1"}],"replies":[{"embeddable":true,"href":"https:\/\/gite-nid-de-caroline.fr\/index.php?rest_route=%2Fwp%2Fv2%2Fcomments&post=20"}],"version-history":[{"count":4,"href":"https:\/\/gite-nid-de-caroline.fr\/index.php?rest_route=\/wp\/v2\/pages\/20\/revisions"}],"predecessor-version":[{"id":1197,"href":"https:\/\/gite-nid-de-caroline.fr\/index.php?rest_route=\/wp\/v2\/pages\/20\/revisions\/1197"}],"up":[{"embeddable":true,"href":"https:\/\/gite-nid-de-caroline.fr\/index.php?rest_route=\/wp\/v2\/pages\/1028"}],"wp:featuredmedia":[{"embeddable":true,"href":"https:\/\/gite-nid-de-caroline.fr\/index.php?rest_route=\/wp\/v2\/media\/1105"}],"wp:attachment":[{"href":"https:\/\/gite-nid-de-caroline.fr\/index.php?rest_route=%2Fwp%2Fv2%2Fmedia&parent=20"}],"curies":[{"name":"wp","href":"https:\/\/api.w.org\/{rel}","templated":true}]}}